{"id":98,"date":"2018-08-07T19:40:35","date_gmt":"2018-08-07T19:40:35","guid":{"rendered":"http:\/\/scrumble-game.com\/?page_id=98"},"modified":"2019-02-06T21:41:23","modified_gmt":"2019-02-06T21:41:23","slug":"start","status":"publish","type":"page","link":"https:\/\/scrumble-game.com\/de\/","title":{"rendered":"Ein Puzzle-Spiel das es in sich hat!"},"content":{"rendered":"<p>In Scrumble geht es darum, ein Motiv aus Einzelteilen zusammenzusetzen. Der Trick dabei: Ein Teil kann nur dann horizontal verschoben werden, wenn wenigstens links oder rechts von ihm eine weiteres direkt angrenzt. Ebenso ist ein vertikales Verschieben nur m\u00f6glich wenn wenigstens ein Teil direkt dar\u00fcber oder darunter ist.<br \/>Das h\u00f6rt sich einfacher an als es ist und ist schwieriger als man meint.<br \/>Findet es am Besten selbst heraus! Die ersten zehn Level sind und bleiben frei, danach k\u00f6nnen weitere Level hinzugekauft werden.<\/p>\n<p>Verf\u00fcgbar f\u00fcr iOS und Android.<\/p>\n<table style=\"border: none; height: 349px;\">\n<tbody>\n<tr style=\"border: none;\">\n<td style=\"border: none; height: 301px; width: 271.0294189453125px;\"><img loading=\"lazy\" decoding=\"async\" class=\"aligncenter wp-image-100 size-medium\" src=\"http:\/\/scrumble-game.com\/wp-content\/uploads\/2018\/08\/iPhone-8-3_Result_framed-147x300.png\" alt=\"\" width=\"147\" height=\"300\" srcset=\"https:\/\/scrumble-game.com\/wp-content\/uploads\/2018\/08\/iPhone-8-3_Result_framed-147x300.png 147w, https:\/\/scrumble-game.com\/wp-content\/uploads\/2018\/08\/iPhone-8-3_Result_framed-768x1567.png 768w, https:\/\/scrumble-game.com\/wp-content\/uploads\/2018\/08\/iPhone-8-3_Result_framed-502x1024.png 502w, https:\/\/scrumble-game.com\/wp-content\/uploads\/2018\/08\/iPhone-8-3_Result_framed.png 871w\" sizes=\"(max-width: 147px) 85vw, 147px\" \/><\/td>\n<td style=\"border: none; height: 301px; width: 291.04779052734375px;\"><img loading=\"lazy\" decoding=\"async\" class=\"aligncenter size-medium wp-image-176\" src=\"http:\/\/scrumble-game.com\/wp-content\/uploads\/2018\/12\/Screenshot_Website_framed-147x300.png\" alt=\"\" width=\"147\" height=\"300\" srcset=\"https:\/\/scrumble-game.com\/wp-content\/uploads\/2018\/12\/Screenshot_Website_framed-147x300.png 147w, https:\/\/scrumble-game.com\/wp-content\/uploads\/2018\/12\/Screenshot_Website_framed-768x1567.png 768w, https:\/\/scrumble-game.com\/wp-content\/uploads\/2018\/12\/Screenshot_Website_framed-502x1024.png 502w, https:\/\/scrumble-game.com\/wp-content\/uploads\/2018\/12\/Screenshot_Website_framed.png 871w\" sizes=\"(max-width: 147px) 85vw, 147px\" \/><\/td>\n<\/tr>\n<tr style=\"border: none;\">\n<td style=\"border: none; height: 48px; width: 271.0294189453125px; text-align: center;\"><a href=\"https:\/\/itunes.apple.com\/de\/app\/scrumble\/id1448038900?mt=8\"><img loading=\"lazy\" decoding=\"async\" class=\"aligncenter wp-image-110 size-full\" src=\"http:\/\/scrumble-game.com\/wp-content\/uploads\/2018\/08\/Download_on_the_App_Store_Badge_DE.png\" alt=\"\" width=\"140\" height=\"47\" \/><\/a><\/td>\n<td style=\"border: none; height: 48px; width: 291.04779052734375px;\"><a href=\"https:\/\/play.google.com\/store\/apps\/details?id=com.scrumblegame\"><img loading=\"lazy\" decoding=\"async\" class=\"aligncenter size-full wp-image-179\" src=\"http:\/\/scrumble-game.com\/wp-content\/uploads\/2018\/12\/google-play-badge-de.png\" alt=\"\" width=\"158\" height=\"47\" \/><\/a><\/td>\n<\/tr>\n<\/tbody>\n<\/table>\n<p>\u00a0<\/p>\n\n\n<p><\/p>\n","protected":false},"excerpt":{"rendered":"<p>In Scrumble geht es darum, ein Motiv aus Einzelteilen zusammenzusetzen. Der Trick dabei: Ein Teil kann nur dann horizontal verschoben werden, wenn wenigstens links oder rechts von ihm eine weiteres direkt angrenzt. Ebenso ist ein vertikales Verschieben nur m\u00f6glich wenn wenigstens ein Teil direkt dar\u00fcber oder darunter ist.Das h\u00f6rt sich einfacher an als es ist &hellip; <a href=\"https:\/\/scrumble-game.com\/de\/\" class=\"more-link\">Continue reading<span class=\"screen-reader-text\"> &#8220;Ein Puzzle-Spiel das es in sich hat!&#8221;<\/span><\/a><\/p>\n","protected":false},"author":1,"featured_media":0,"parent":0,"menu_order":0,"comment_status":"closed","ping_status":"closed","template":"","meta":{"footnotes":""},"translation":{"provider":"WPGlobus","version":"2.12.2","language":"de","enabled_languages":["en","de"],"languages":{"en":{"title":true,"content":true,"excerpt":false},"de":{"title":true,"content":true,"excerpt":false}}},"_links":{"self":[{"href":"https:\/\/scrumble-game.com\/de\/wp-json\/wp\/v2\/pages\/98"}],"collection":[{"href":"https:\/\/scrumble-game.com\/de\/wp-json\/wp\/v2\/pages"}],"about":[{"href":"https:\/\/scrumble-game.com\/de\/wp-json\/wp\/v2\/types\/page"}],"author":[{"embeddable":true,"href":"https:\/\/scrumble-game.com\/de\/wp-json\/wp\/v2\/users\/1"}],"replies":[{"embeddable":true,"href":"https:\/\/scrumble-game.com\/de\/wp-json\/wp\/v2\/comments?post=98"}],"version-history":[{"count":34,"href":"https:\/\/scrumble-game.com\/de\/wp-json\/wp\/v2\/pages\/98\/revisions"}],"predecessor-version":[{"id":215,"href":"https:\/\/scrumble-game.com\/de\/wp-json\/wp\/v2\/pages\/98\/revisions\/215"}],"wp:attachment":[{"href":"https:\/\/scrumble-game.com\/de\/wp-json\/wp\/v2\/media?parent=98"}],"curies":[{"name":"wp","href":"https:\/\/api.w.org\/{rel}","templated":true}]}}