{"id":50,"date":"2018-08-06T19:16:17","date_gmt":"2018-08-06T19:16:17","guid":{"rendered":"http:\/\/scrumble-game.com\/?page_id=50"},"modified":"2018-11-23T13:59:32","modified_gmt":"2018-11-23T13:59:32","slug":"manual","status":"publish","type":"page","link":"https:\/\/scrumble-game.com\/de\/manual","title":{"rendered":"Anleitung"},"content":{"rendered":"<p>Das Spielprinzip von Scrumble ist es, ein Bild aus einzelnen Feldern zusammenzusetzen.<\/p>\n<p><img loading=\"lazy\" decoding=\"async\" class=\"size-medium wp-image-74 aligncenter\" src=\"http:\/\/scrumble-game.com\/wp-content\/uploads\/2018\/08\/Tut1-300x173.png\" alt=\"\" width=\"300\" height=\"173\" srcset=\"https:\/\/scrumble-game.com\/wp-content\/uploads\/2018\/08\/Tut1-300x173.png 300w, https:\/\/scrumble-game.com\/wp-content\/uploads\/2018\/08\/Tut1.png 756w\" sizes=\"(max-width: 300px) 85vw, 300px\" \/><\/p>\n<p>Diese Felder k\u00f6nnen allerdings nicht beliebig bewegt werden. Um Felder vertikal zu bewegen, m\u00fcssen mindestens zwei von ihnen direkt \u00fcbereinander liegen.<\/p>\n<p><img loading=\"lazy\" decoding=\"async\" class=\"aligncenter size-medium wp-image-75\" src=\"http:\/\/scrumble-game.com\/wp-content\/uploads\/2018\/08\/Tut2-300x250.png\" alt=\"\" width=\"300\" height=\"250\" srcset=\"https:\/\/scrumble-game.com\/wp-content\/uploads\/2018\/08\/Tut2-300x250.png 300w, https:\/\/scrumble-game.com\/wp-content\/uploads\/2018\/08\/Tut2.png 756w\" sizes=\"(max-width: 300px) 85vw, 300px\" \/><\/p>\n<p>Um sie horizontal zu bewegen, m\u00fcssen mindestens zwei direkt nebeneinander liegen.<\/p>\n<p><img loading=\"lazy\" decoding=\"async\" class=\"aligncenter size-medium wp-image-76\" src=\"http:\/\/scrumble-game.com\/wp-content\/uploads\/2018\/08\/Tut3-300x250.png\" alt=\"\" width=\"300\" height=\"250\" srcset=\"https:\/\/scrumble-game.com\/wp-content\/uploads\/2018\/08\/Tut3-300x250.png 300w, https:\/\/scrumble-game.com\/wp-content\/uploads\/2018\/08\/Tut3.png 756w\" sizes=\"(max-width: 300px) 85vw, 300px\" \/><\/p>\n<p>Eine einzelne Kachel kann somit erst bewegt werden, wenn sie mit anderen Kacheln in Ber\u00fchrung kommt.<\/p>\n<p>Sind alle Felder richtig zusammengesetzt, ist das Level gel\u00f6st!<\/p>\n<p><img loading=\"lazy\" decoding=\"async\" class=\"aligncenter size-medium wp-image-77\" src=\"http:\/\/scrumble-game.com\/wp-content\/uploads\/2018\/08\/Tut4-300x250.png\" alt=\"\" width=\"300\" height=\"250\" srcset=\"https:\/\/scrumble-game.com\/wp-content\/uploads\/2018\/08\/Tut4-300x250.png 300w, https:\/\/scrumble-game.com\/wp-content\/uploads\/2018\/08\/Tut4.png 756w\" sizes=\"(max-width: 300px) 85vw, 300px\" \/><\/p>\n<p>Je nach der ben\u00f6tigten Anzahl Z\u00fcge werden bis zu 3 Sterne vergeben. Die L\u00f6sung mit der geringsten Anzahl von Z\u00fcgen wird als Highscore gespeichert.<\/p>\n<p><img loading=\"lazy\" decoding=\"async\" class=\"aligncenter size-medium wp-image-78\" src=\"http:\/\/scrumble-game.com\/wp-content\/uploads\/2018\/08\/Tut5-300x121.png\" alt=\"\" width=\"300\" height=\"121\" srcset=\"https:\/\/scrumble-game.com\/wp-content\/uploads\/2018\/08\/Tut5-300x121.png 300w, https:\/\/scrumble-game.com\/wp-content\/uploads\/2018\/08\/Tut5.png 754w\" sizes=\"(max-width: 300px) 85vw, 300px\" \/><\/p>\n","protected":false},"excerpt":{"rendered":"<p>Das Spielprinzip von Scrumble ist es, ein Bild aus einzelnen Feldern zusammenzusetzen. Diese Felder k\u00f6nnen allerdings nicht beliebig bewegt werden. Um Felder vertikal zu bewegen, m\u00fcssen mindestens zwei von ihnen direkt \u00fcbereinander liegen. Um sie horizontal zu bewegen, m\u00fcssen mindestens zwei direkt nebeneinander liegen. Eine einzelne Kachel kann somit erst bewegt werden, wenn sie mit &hellip; <a href=\"https:\/\/scrumble-game.com\/de\/manual\" class=\"more-link\">Continue reading<span class=\"screen-reader-text\"> &#8220;Anleitung&#8221;<\/span><\/a><\/p>\n","protected":false},"author":1,"featured_media":0,"parent":0,"menu_order":0,"comment_status":"closed","ping_status":"closed","template":"","meta":{"footnotes":""},"translation":{"provider":"WPGlobus","version":"2.12.2","language":"de","enabled_languages":["en","de"],"languages":{"en":{"title":true,"content":true,"excerpt":false},"de":{"title":true,"content":true,"excerpt":false}}},"_links":{"self":[{"href":"https:\/\/scrumble-game.com\/de\/wp-json\/wp\/v2\/pages\/50"}],"collection":[{"href":"https:\/\/scrumble-game.com\/de\/wp-json\/wp\/v2\/pages"}],"about":[{"href":"https:\/\/scrumble-game.com\/de\/wp-json\/wp\/v2\/types\/page"}],"author":[{"embeddable":true,"href":"https:\/\/scrumble-game.com\/de\/wp-json\/wp\/v2\/users\/1"}],"replies":[{"embeddable":true,"href":"https:\/\/scrumble-game.com\/de\/wp-json\/wp\/v2\/comments?post=50"}],"version-history":[{"count":9,"href":"https:\/\/scrumble-game.com\/de\/wp-json\/wp\/v2\/pages\/50\/revisions"}],"predecessor-version":[{"id":137,"href":"https:\/\/scrumble-game.com\/de\/wp-json\/wp\/v2\/pages\/50\/revisions\/137"}],"wp:attachment":[{"href":"https:\/\/scrumble-game.com\/de\/wp-json\/wp\/v2\/media?parent=50"}],"curies":[{"name":"wp","href":"https:\/\/api.w.org\/{rel}","templated":true}]}}