{"id":229,"date":"2019-03-18T09:22:45","date_gmt":"2019-03-18T09:22:45","guid":{"rendered":"http:\/\/scrumble-game.com\/?page_id=229"},"modified":"2019-03-18T09:22:45","modified_gmt":"2019-03-18T09:22:45","slug":"the-scrumble-story","status":"publish","type":"page","link":"https:\/\/scrumble-game.com\/de\/the-scrumble-story","title":{"rendered":"Die Scrumble Story"},"content":{"rendered":"\n<p>Wir gehen zur\u00fcck in die 90\u2019er Jahre. In eine Zeit, in der es die Sowjetunion noch gibt, Helmut Kohl Bundeskanzler ist und mit der D-Mark bezahlt wird. Und in einem verschlafenen Dorf in Niederbayern erblickt ein Computerspiel namens Scrumble das Licht der Welt!<\/p>\n\n\n\n<p>Damals mit Turbo Pascal und Hercules Grafik programmiert war es zwar optisch noch recht eingeschr\u00e4nkt, aber das geniale Prinzip der Verschiebung zusammenh\u00e4ngender Puzzleteile war bereits die Grundidee.<\/p>\n\n\n\n<p>Die Jahre verstrichen, Helmut Kohl ging, der Euro l\u00f6ste die D-Mark ab und das kleine Pascal-Programm geriet beinahe in Vergessenheit. Tats\u00e4chlich wei\u00df niemand mehr so genau, auf welcher 3,5\u201c-Diskette es sich, wenn \u00fcberhaupt, noch befindet.<\/p>\n\n\n\n<p>Die Idee jedoch lebte weiter und feierte schlie\u00dflich ihre Auferstehung, dieses Mal in Java programmiert. Und nun konnten neben Zahlen und Buchstaben auch Bilder zusammengepuzzelt werden. Dennoch war auch diese Version noch sehr rudiment\u00e4r. Die Levels waren zuf\u00e4llig erstellt und nicht sonderlich gro\u00df. Aber es war ein&nbsp; erster Schritt, um das Spielprinzip in die Neuzeit zu retten.<\/p>\n\n\n\n<p>Um aber die ganze Welt an Scrumble teilhaben zu lassen, fiel im Sommer 2017 der Entschluss, das Spiel als Smartphone-App zu realisieren \u2013 mit neuem Design und neuen Ideen und neuer Energie. Um den Spielspa\u00df zu maximieren, sind die Levels nun vorgeneriert und je nach den ben\u00f6tigten Z\u00fcgen werden Sterne vergeben. Damit ist es nun m\u00f6glich, sich mit anderen Scrumblern zu messen. Auch Komfortfunktionen wie Undo \/ Redo sind an Bord.<\/p>\n\n\n\n<p>Da Scrumble nach wie vor kein Fulltime-Job ist, zog sich die Entwicklung eine Weile hin, aber im Herbst 2018 gab es die erste voll funktionsf\u00e4hige Testversion. Ende 2018 schafften es sowohl die Android als auch die iOS Version in die App Stores. Dort sind sie nun und warten darauf, m\u00f6glichst viele Spieler in begeisterte Scrumbler zu verwandeln!<\/p>\n\n\n\n<p>F\u00fcr die Zukunft gibt es nat\u00fcrlich schon jede Menge Ideen, und weitere Levels sind selbstverst\u00e4ndlich auch geplant. Lasst Euch \u00fcberraschen, was noch alles passiert!<\/p>\n","protected":false},"excerpt":{"rendered":"<p>Wir gehen zur\u00fcck in die 90\u2019er Jahre. In eine Zeit, in der es die Sowjetunion noch gibt, Helmut Kohl Bundeskanzler ist und mit der D-Mark bezahlt wird. Und in einem verschlafenen Dorf in Niederbayern erblickt ein Computerspiel namens Scrumble das Licht der Welt! Damals mit Turbo Pascal und Hercules Grafik programmiert war es zwar optisch &hellip; <a href=\"https:\/\/scrumble-game.com\/de\/the-scrumble-story\" class=\"more-link\">Continue reading<span class=\"screen-reader-text\"> &#8220;Die Scrumble Story&#8221;<\/span><\/a><\/p>\n","protected":false},"author":1,"featured_media":0,"parent":0,"menu_order":0,"comment_status":"closed","ping_status":"closed","template":"","meta":{"footnotes":""},"translation":{"provider":"WPGlobus","version":"2.12.2","language":"de","enabled_languages":["en","de"],"languages":{"en":{"title":true,"content":true,"excerpt":false},"de":{"title":true,"content":true,"excerpt":false}}},"_links":{"self":[{"href":"https:\/\/scrumble-game.com\/de\/wp-json\/wp\/v2\/pages\/229"}],"collection":[{"href":"https:\/\/scrumble-game.com\/de\/wp-json\/wp\/v2\/pages"}],"about":[{"href":"https:\/\/scrumble-game.com\/de\/wp-json\/wp\/v2\/types\/page"}],"author":[{"embeddable":true,"href":"https:\/\/scrumble-game.com\/de\/wp-json\/wp\/v2\/users\/1"}],"replies":[{"embeddable":true,"href":"https:\/\/scrumble-game.com\/de\/wp-json\/wp\/v2\/comments?post=229"}],"version-history":[{"count":4,"href":"https:\/\/scrumble-game.com\/de\/wp-json\/wp\/v2\/pages\/229\/revisions"}],"predecessor-version":[{"id":233,"href":"https:\/\/scrumble-game.com\/de\/wp-json\/wp\/v2\/pages\/229\/revisions\/233"}],"wp:attachment":[{"href":"https:\/\/scrumble-game.com\/de\/wp-json\/wp\/v2\/media?parent=229"}],"curies":[{"name":"wp","href":"https:\/\/api.w.org\/{rel}","templated":true}]}}