{"id":123,"date":"2018-11-22T22:12:58","date_gmt":"2018-11-22T22:12:58","guid":{"rendered":"http:\/\/scrumble-game.com\/?page_id=123"},"modified":"2018-12-28T16:58:30","modified_gmt":"2018-12-28T16:58:30","slug":"scrumbles-privacy-policy","status":"publish","type":"page","link":"https:\/\/scrumble-game.com\/de\/scrumbles-privacy-policy","title":{"rendered":"Datenschutz in Scrumble"},"content":{"rendered":"\n<p>Zuletzt aktualisiert: 27. November 2018<\/p>\n\n\n\n<p>Eure Privatsph\u00e4re ist uns wichtig und das ist mehr als nur ein Lippenbekenntnis. Deswegen werden Eure Daten von uns grunds\u00e4tzlich nicht gespeichert oder weitergegeben, es sei denn es l\u00e4\u00dft sich nicht vermeiden, wie im folgenden beschrieben:<\/p>\n\n\n\n<p>S\u00e4mtliche Daten werden nur auf dem Ger\u00e4t gespeichert und nicht nach aussen hin \u00fcbertragen. Bei diesen Daten handelt es sich um:&nbsp;<\/p>\n\n\n\n<ul><li>Den Highscore zu jedem gel\u00f6sten Level, bestehend aus Anzahl Z\u00fcgen, der ben\u00f6tigten Zeit und der vergebenen Sterne<\/li><li>Die einzelnen Z\u00fcge mit denen dieser Highscore erzielt wurde<\/li><\/ul>\n\n\n\n<p>Die Daten werden zeitlich unbefristet gespeichert, werden aber gel\u00f6scht wenn die App selbst gel\u00f6scht wird.\u00a0<\/p>\n\n\n\n<p>Dar\u00fcber hinaus k\u00f6nnen zus\u00e4tzliche Level als InApp-Kauf erworben werden. Diese werden ausschliesslich durch den AppStore verarbeitet. Daten zur Benutzung von Scrumble werden ebenfalls nur im Rahmen des App Stores erhoben. Es gelten die Datenschutzrichtlinien von Apple.<\/p>\n","protected":false},"excerpt":{"rendered":"<p>Zuletzt aktualisiert: 27. November 2018 Eure Privatsph\u00e4re ist uns wichtig und das ist mehr als nur ein Lippenbekenntnis. Deswegen werden Eure Daten von uns grunds\u00e4tzlich nicht gespeichert oder weitergegeben, es sei denn es l\u00e4\u00dft sich nicht vermeiden, wie im folgenden beschrieben: S\u00e4mtliche Daten werden nur auf dem Ger\u00e4t gespeichert und nicht nach aussen hin \u00fcbertragen. &hellip; <a href=\"https:\/\/scrumble-game.com\/de\/scrumbles-privacy-policy\" class=\"more-link\">Continue reading<span class=\"screen-reader-text\"> &#8220;Datenschutz in Scrumble&#8221;<\/span><\/a><\/p>\n","protected":false},"author":1,"featured_media":0,"parent":0,"menu_order":0,"comment_status":"closed","ping_status":"closed","template":"","meta":{"footnotes":""},"translation":{"provider":"WPGlobus","version":"2.12.2","language":"de","enabled_languages":["en","de"],"languages":{"en":{"title":true,"content":true,"excerpt":false},"de":{"title":true,"content":true,"excerpt":false}}},"_links":{"self":[{"href":"https:\/\/scrumble-game.com\/de\/wp-json\/wp\/v2\/pages\/123"}],"collection":[{"href":"https:\/\/scrumble-game.com\/de\/wp-json\/wp\/v2\/pages"}],"about":[{"href":"https:\/\/scrumble-game.com\/de\/wp-json\/wp\/v2\/types\/page"}],"author":[{"embeddable":true,"href":"https:\/\/scrumble-game.com\/de\/wp-json\/wp\/v2\/users\/1"}],"replies":[{"embeddable":true,"href":"https:\/\/scrumble-game.com\/de\/wp-json\/wp\/v2\/comments?post=123"}],"version-history":[{"count":7,"href":"https:\/\/scrumble-game.com\/de\/wp-json\/wp\/v2\/pages\/123\/revisions"}],"predecessor-version":[{"id":173,"href":"https:\/\/scrumble-game.com\/de\/wp-json\/wp\/v2\/pages\/123\/revisions\/173"}],"wp:attachment":[{"href":"https:\/\/scrumble-game.com\/de\/wp-json\/wp\/v2\/media?parent=123"}],"curies":[{"name":"wp","href":"https:\/\/api.w.org\/{rel}","templated":true}]}}